{"id":488,"date":"2016-05-16T22:09:27","date_gmt":"2016-05-16T20:09:27","guid":{"rendered":"http:\/\/www.leaderhealth.ch\/?page_id=488"},"modified":"2016-05-31T12:36:08","modified_gmt":"2016-05-31T10:36:08","slug":"concevoir-construire-hopital-numerique","status":"publish","type":"page","link":"https:\/\/www.leaderhealth.ch\/index.php\/fr\/concevoir-construire-hopital-numerique\/","title":{"rendered":"Concevoir &#038; construire un H\u00f4pital Num\u00e9rique"},"content":{"rendered":"<h3>Concevoir &amp; construire un H\u00f4pital Num\u00e9rique<\/h3>\n<p>&nbsp;<\/p>\n<div>\n<table>\n<tbody>\n<tr>\n<td width=\"35%\">\n<div style=\"text-align: justify;\">Le livre de Louis Omn\u00e8s, pr\u00e9fac\u00e9 par Thierry Courbis, et disponible \u00e0 la vente.<br \/>\nContactez-nous pour obtenir la marche \u00e0 suivre.<\/div>\n<p>&nbsp;<\/p>\n<div style=\"text-align: justify;\"><\/div>\n<p><a href=\"https:\/\/www.leaderhealth.ch\/wp-content\/uploads\/2016\/05\/Livre-DHI-couverture-2.png\"><img loading=\"lazy\" class=\"alignnone wp-image-634 size-medium\" src=\"https:\/\/www.leaderhealth.ch\/wp-content\/uploads\/2016\/05\/Livre-DHI-couverture-2-231x300.png\" alt=\"Livre DHI couverture\" width=\"231\" height=\"300\" srcset=\"https:\/\/www.leaderhealth.ch\/wp-content\/uploads\/2016\/05\/Livre-DHI-couverture-2-231x300.png 231w, https:\/\/www.leaderhealth.ch\/wp-content\/uploads\/2016\/05\/Livre-DHI-couverture-2.png 497w\" sizes=\"(max-width: 231px) 100vw, 231px\" \/><\/a><\/td>\n<td><center><div role=\"form\" class=\"wpcf7\" id=\"wpcf7-f489-o1\" lang=\"fr-FR\" dir=\"ltr\">\n<div class=\"screen-reader-response\"><p role=\"status\" aria-live=\"polite\" aria-atomic=\"true\"><\/p> <ul><\/ul><\/div>\n<form action=\"\/index.php\/wp-json\/wp\/v2\/pages\/488#wpcf7-f489-o1\" method=\"post\" class=\"wpcf7-form init\" novalidate=\"novalidate\" data-status=\"init\">\n<div style=\"display: none;\">\n<input type=\"hidden\" name=\"_wpcf7\" value=\"489\" \/>\n<input type=\"hidden\" name=\"_wpcf7_version\" value=\"5.4\" \/>\n<input type=\"hidden\" name=\"_wpcf7_locale\" value=\"fr_FR\" \/>\n<input type=\"hidden\" name=\"_wpcf7_unit_tag\" value=\"wpcf7-f489-o1\" \/>\n<input type=\"hidden\" name=\"_wpcf7_container_post\" value=\"0\" \/>\n<input type=\"hidden\" name=\"_wpcf7_posted_data_hash\" value=\"\" \/>\n<input type=\"hidden\" name=\"_wpcf7_recaptcha_response\" value=\"\" \/>\n<\/div>\n<p>Votre nom (obligatoire)<br \/>\n    <span class=\"wpcf7-form-control-wrap your-name\"><input type=\"text\" name=\"your-name\" value=\"\" size=\"40\" class=\"wpcf7-form-control wpcf7-text wpcf7-validates-as-required\" aria-required=\"true\" aria-invalid=\"false\" \/><\/span> <\/p>\n<p>Votre email (obligatoire)<br \/>\n    <span class=\"wpcf7-form-control-wrap your-email\"><input type=\"email\" name=\"your-email\" value=\"\" size=\"40\" class=\"wpcf7-form-control wpcf7-text wpcf7-email wpcf7-validates-as-required wpcf7-validates-as-email\" aria-required=\"true\" aria-invalid=\"false\" \/><\/span> <\/p>\n<p>Votre message<br \/>\n    <span class=\"wpcf7-form-control-wrap your-message\"><textarea name=\"your-message\" cols=\"40\" rows=\"10\" class=\"wpcf7-form-control wpcf7-textarea\" aria-invalid=\"false\"><\/textarea><\/span> <\/p>\n<p><input type=\"submit\" value=\"Envoyer\" class=\"wpcf7-form-control wpcf7-submit\" \/><\/p>\n<div class=\"wpcf7-response-output\" aria-hidden=\"true\"><\/div><\/form><\/div><center><\/center><\/center><\/td>\n<\/tr>\n<\/tbody>\n<\/table>\n<\/div>\n","protected":false},"excerpt":{"rendered":"<p>Concevoir &amp; construire un H\u00f4pital Num\u00e9rique &nbsp; Le livre de Louis Omn\u00e8s, pr\u00e9fac\u00e9 par Thierry Courbis, et disponible \u00e0 la vente. Contactez-nous pour obtenir la marche \u00e0 suivre. &nbsp;<\/p>\n","protected":false},"author":1,"featured_media":0,"parent":0,"menu_order":0,"comment_status":"closed","ping_status":"closed","template":"","meta":[],"yoast_head":"<!-- This site is optimized with the Yoast SEO plugin v16.1.1 - https:\/\/yoast.com\/wordpress\/plugins\/seo\/ -->\n<title>Concevoir &amp; construire un H\u00f4pital Num\u00e9rique - Leader Health<\/title>\n<link rel=\"canonical\" href=\"https:\/\/www.leaderhealth.ch\/index.php\/fr\/concevoir-construire-hopital-numerique\/\" \/>\n<meta property=\"og:locale\" content=\"fr_FR\" \/>\n<meta property=\"og:type\" content=\"article\" \/>\n<meta property=\"og:title\" content=\"Concevoir &amp; construire un H\u00f4pital Num\u00e9rique - Leader Health\" \/>\n<meta property=\"og:description\" content=\"Concevoir &amp; construire un H\u00f4pital Num\u00e9rique &nbsp; Le livre de Louis Omn\u00e8s, pr\u00e9fac\u00e9 par Thierry Courbis, et disponible \u00e0 la vente. Contactez-nous pour obtenir la marche \u00e0 suivre. &nbsp;\" \/>\n<meta property=\"og:url\" content=\"https:\/\/www.leaderhealth.ch\/index.php\/fr\/concevoir-construire-hopital-numerique\/\" \/>\n<meta property=\"og:site_name\" content=\"Leader Health\" \/>\n<meta property=\"article:modified_time\" content=\"2016-05-31T10:36:08+00:00\" \/>\n<meta property=\"og:image\" content=\"http:\/\/www.leaderhealth.ch\/wp-content\/uploads\/2016\/05\/Livre-DHI-couverture-2-231x300.png\" \/>\n<meta name=\"twitter:card\" content=\"summary\" \/>\n<script type=\"application\/ld+json\" class=\"yoast-schema-graph\">{\"@context\":\"https:\/\/schema.org\",\"@graph\":[{\"@type\":\"WebSite\",\"@id\":\"https:\/\/www.leaderhealth.ch\/#website\",\"url\":\"https:\/\/www.leaderhealth.ch\/\",\"name\":\"Leader Health\",\"description\":\"\",\"potentialAction\":[{\"@type\":\"SearchAction\",\"target\":\"https:\/\/www.leaderhealth.ch\/?s={search_term_string}\",\"query-input\":\"required name=search_term_string\"}],\"inLanguage\":\"fr-FR\"},{\"@type\":\"ImageObject\",\"@id\":\"https:\/\/www.leaderhealth.ch\/index.php\/fr\/concevoir-construire-hopital-numerique\/#primaryimage\",\"inLanguage\":\"fr-FR\",\"url\":\"http:\/\/www.leaderhealth.ch\/wp-content\/uploads\/2016\/05\/Livre-DHI-couverture-2-231x300.png\",\"contentUrl\":\"http:\/\/www.leaderhealth.ch\/wp-content\/uploads\/2016\/05\/Livre-DHI-couverture-2-231x300.png\"},{\"@type\":\"WebPage\",\"@id\":\"https:\/\/www.leaderhealth.ch\/index.php\/fr\/concevoir-construire-hopital-numerique\/#webpage\",\"url\":\"https:\/\/www.leaderhealth.ch\/index.php\/fr\/concevoir-construire-hopital-numerique\/\",\"name\":\"Concevoir & construire un H\\u00f4pital Num\\u00e9rique - Leader Health\",\"isPartOf\":{\"@id\":\"https:\/\/www.leaderhealth.ch\/#website\"},\"primaryImageOfPage\":{\"@id\":\"https:\/\/www.leaderhealth.ch\/index.php\/fr\/concevoir-construire-hopital-numerique\/#primaryimage\"},\"datePublished\":\"2016-05-16T20:09:27+00:00\",\"dateModified\":\"2016-05-31T10:36:08+00:00\",\"breadcrumb\":{\"@id\":\"https:\/\/www.leaderhealth.ch\/index.php\/fr\/concevoir-construire-hopital-numerique\/#breadcrumb\"},\"inLanguage\":\"fr-FR\",\"potentialAction\":[{\"@type\":\"ReadAction\",\"target\":[\"https:\/\/www.leaderhealth.ch\/index.php\/fr\/concevoir-construire-hopital-numerique\/\"]}]},{\"@type\":\"BreadcrumbList\",\"@id\":\"https:\/\/www.leaderhealth.ch\/index.php\/fr\/concevoir-construire-hopital-numerique\/#breadcrumb\",\"itemListElement\":[{\"@type\":\"ListItem\",\"position\":1,\"item\":{\"@type\":\"WebPage\",\"@id\":\"https:\/\/www.leaderhealth.ch\/index.php\/fr\/leader-health\/\",\"url\":\"https:\/\/www.leaderhealth.ch\/index.php\/fr\/leader-health\/\",\"name\":\"Accueil\"}},{\"@type\":\"ListItem\",\"position\":2,\"item\":{\"@type\":\"WebPage\",\"@id\":\"https:\/\/www.leaderhealth.ch\/index.php\/fr\/concevoir-construire-hopital-numerique\/\",\"url\":\"https:\/\/www.leaderhealth.ch\/index.php\/fr\/concevoir-construire-hopital-numerique\/\",\"name\":\"Concevoir &#038; construire un H\\u00f4pital Num\\u00e9rique\"}}]}]}<\/script>\n<!-- \/ Yoast SEO plugin. -->","_links":{"self":[{"href":"https:\/\/www.leaderhealth.ch\/index.php\/wp-json\/wp\/v2\/pages\/488"}],"collection":[{"href":"https:\/\/www.leaderhealth.ch\/index.php\/wp-json\/wp\/v2\/pages"}],"about":[{"href":"https:\/\/www.leaderhealth.ch\/index.php\/wp-json\/wp\/v2\/types\/page"}],"author":[{"embeddable":true,"href":"https:\/\/www.leaderhealth.ch\/index.php\/wp-json\/wp\/v2\/users\/1"}],"replies":[{"embeddable":true,"href":"https:\/\/www.leaderhealth.ch\/index.php\/wp-json\/wp\/v2\/comments?post=488"}],"version-history":[{"count":25,"href":"https:\/\/www.leaderhealth.ch\/index.php\/wp-json\/wp\/v2\/pages\/488\/revisions"}],"predecessor-version":[{"id":639,"href":"https:\/\/www.leaderhealth.ch\/index.php\/wp-json\/wp\/v2\/pages\/488\/revisions\/639"}],"wp:attachment":[{"href":"https:\/\/www.leaderhealth.ch\/index.php\/wp-json\/wp\/v2\/media?parent=488"}],"curies":[{"name":"wp","href":"https:\/\/api.w.org\/{rel}","templated":true}]}}