{"id":275,"date":"2016-05-13T13:09:46","date_gmt":"2016-05-13T11:09:46","guid":{"rendered":"http:\/\/www.leaderhealth.ch\/?page_id=275"},"modified":"2019-09-23T22:38:12","modified_gmt":"2019-09-23T20:38:12","slug":"nos-references","status":"publish","type":"page","link":"https:\/\/www.leaderhealth.ch\/index.php\/fr\/nos-references\/","title":{"rendered":"R\u00e9f\u00e9rences"},"content":{"rendered":"<div style=\"text-align: justify;\">\n<h2>Nos r\u00e9f\u00e9rences<\/h2>\n<p>Depuis 2007, Leader Health a r\u00e9alis\u00e9 avec succ\u00e8s diff\u00e9rentes missions pour des h\u00f4pitaux suisses, fran\u00e7ais, europ\u00e9ens, mais aussi internationaux. Les contacts utiles, les t\u00e9moignages de certains clients sont pr\u00e9sent\u00e9s ci-dessous.<\/p>\n<p>Leader Health a \u00e9galement sign\u00e9 des partenariats strat\u00e9giques avec des institutions prestigieuses tels que l\u2019UPMC \u00e0 Pittsburgh (USA), HIMSS (Europe, USA) et le CNEH (France).<\/p>\n<ul>\n<li>Suisse : CHU de l\u2019\u00eele Bern, CHU du Canton de Vaud, Clinique Beaulieu, Groupe Anklin Storz, H\u00f4pitaux Universitaires de Gen\u00e8ve, Projet Chablais Rivi\u00e9ra Switzerland&#8230;<\/li>\n<li>France : American Hospital of Paris, Assistance Publique H\u00f4pitaux de Marseille, Assistance Publique H\u00f4pitaux de Paris, CGI sant\u00e9, CH d\u2019Annecy en Genevois, CH d\u2019Arras, CH d\u2019Epinal, CH de Basse Terre, CH de B\u00e9thune, CH de Golbey, CH de Lens, CH de Mulhouse, CH de Saint Brieuc, CH de Saint Egr\u00e8ve, CH de Vichy, CH H\u00e9nin Beaumont, CH La Bass\u00e9e, CH de Pfastaff,\u00a0CH de Rouffach, CH Sud Francilien, CHU Amiens, CHU de Caen, CHU de Grenoble, CHU de Montpellier, CHU de Nantes, CHU Lariboisi\u00e8re, CHU Poitiers, CHU Reims, CHU Strasbourg, CHU Toulouse, GHRMSA, GHT Alpes Dauphin\u00e9, GHT de l\u2019Artois, GHT Haute Alsace, Groupe ALISTER Handicap services, Groupe Korian, Groupe Solemnes Tremblay, Groupe Vedici, Groupe Vivalto Sant\u00e9, Groupement CSMS de l\u2019Aunis, IHU de Strasbourg, Institut Saint Joseph de Marseille, Projet CH Melun\u2026<\/li>\n<li>Etranger : CHU Ahus Oslo, CHU Hanoi Vietnam, CHU Montr\u00e9al, CHU Trondheim en Norv\u00e8ge, Cliniques Al Maaden Maroc, Cliniques St Luc de l\u2019Universit\u00e9 Catholique de Louvain, Dasman Diabetes Institut Kuwait, Groupe Storz Berlin Allemagne, HIMSS Europa, HIMSS North America, H\u00f4pital du Luxembourg (CHL), London\u2019s Hospital Ontario Canada, Projet Cleveland Clinic of Abu Dhabi, Projet Cliniques Chirec Bruxelles, Projet H\u00f4pital Princesse Grace de Monaco, University Hospital of Pittsburg\u2026<\/li>\n<li>Partenaires de notre \u00e9co syst\u00e8me :Adopale : calculs de flux logistiques. Basil Technologies : web 2, Health 2.0. LOC : calculs m\u00e9dico-\u00e9conomiques hospitalisation secteur priv\u00e9 et public. Polyprogramme: programmation, sch\u00e9ma directeurs architecturaux. Swissenov : veille technologique. T\u00e9l\u00e9comsystem Switzerland : haute s\u00e9curit\u00e9.<\/li>\n<\/ul>\n<\/div>\n","protected":false},"excerpt":{"rendered":"<p>Nos r\u00e9f\u00e9rences Depuis 2007, Leader Health a r\u00e9alis\u00e9 avec succ\u00e8s diff\u00e9rentes missions pour des h\u00f4pitaux suisses, fran\u00e7ais, europ\u00e9ens, mais aussi internationaux. Les contacts utiles, les t\u00e9moignages de certains clients sont pr\u00e9sent\u00e9s ci-dessous. Leader Health a \u00e9galement sign\u00e9 des partenariats strat\u00e9giques avec des institutions prestigieuses tels que l\u2019UPMC \u00e0 Pittsburgh (USA), HIMSS (Europe, USA) et le<\/p>\n","protected":false},"author":1,"featured_media":0,"parent":0,"menu_order":0,"comment_status":"closed","ping_status":"closed","template":"","meta":[],"yoast_head":"<!-- This site is optimized with the Yoast SEO plugin v16.1.1 - https:\/\/yoast.com\/wordpress\/plugins\/seo\/ -->\n<title>R\u00e9f\u00e9rences - Leader Health<\/title>\n<link rel=\"canonical\" href=\"https:\/\/www.leaderhealth.ch\/index.php\/fr\/nos-references\/\" \/>\n<meta property=\"og:locale\" content=\"fr_FR\" \/>\n<meta property=\"og:type\" content=\"article\" \/>\n<meta property=\"og:title\" content=\"R\u00e9f\u00e9rences - Leader Health\" \/>\n<meta property=\"og:description\" content=\"Nos r\u00e9f\u00e9rences Depuis 2007, Leader Health a r\u00e9alis\u00e9 avec succ\u00e8s diff\u00e9rentes missions pour des h\u00f4pitaux suisses, fran\u00e7ais, europ\u00e9ens, mais aussi internationaux. Les contacts utiles, les t\u00e9moignages de certains clients sont pr\u00e9sent\u00e9s ci-dessous. Leader Health a \u00e9galement sign\u00e9 des partenariats strat\u00e9giques avec des institutions prestigieuses tels que l\u2019UPMC \u00e0 Pittsburgh (USA), HIMSS (Europe, USA) et le\" \/>\n<meta property=\"og:url\" content=\"https:\/\/www.leaderhealth.ch\/index.php\/fr\/nos-references\/\" \/>\n<meta property=\"og:site_name\" content=\"Leader Health\" \/>\n<meta property=\"article:modified_time\" content=\"2019-09-23T20:38:12+00:00\" \/>\n<meta name=\"twitter:card\" content=\"summary\" \/>\n<meta name=\"twitter:label1\" content=\"Dur\u00e9e de lecture est.\">\n\t<meta name=\"twitter:data1\" content=\"2 minutes\">\n<script type=\"application\/ld+json\" class=\"yoast-schema-graph\">{\"@context\":\"https:\/\/schema.org\",\"@graph\":[{\"@type\":\"WebSite\",\"@id\":\"https:\/\/www.leaderhealth.ch\/#website\",\"url\":\"https:\/\/www.leaderhealth.ch\/\",\"name\":\"Leader Health\",\"description\":\"\",\"potentialAction\":[{\"@type\":\"SearchAction\",\"target\":\"https:\/\/www.leaderhealth.ch\/?s={search_term_string}\",\"query-input\":\"required name=search_term_string\"}],\"inLanguage\":\"fr-FR\"},{\"@type\":\"WebPage\",\"@id\":\"https:\/\/www.leaderhealth.ch\/index.php\/fr\/nos-references\/#webpage\",\"url\":\"https:\/\/www.leaderhealth.ch\/index.php\/fr\/nos-references\/\",\"name\":\"R\\u00e9f\\u00e9rences - Leader Health\",\"isPartOf\":{\"@id\":\"https:\/\/www.leaderhealth.ch\/#website\"},\"datePublished\":\"2016-05-13T11:09:46+00:00\",\"dateModified\":\"2019-09-23T20:38:12+00:00\",\"breadcrumb\":{\"@id\":\"https:\/\/www.leaderhealth.ch\/index.php\/fr\/nos-references\/#breadcrumb\"},\"inLanguage\":\"fr-FR\",\"potentialAction\":[{\"@type\":\"ReadAction\",\"target\":[\"https:\/\/www.leaderhealth.ch\/index.php\/fr\/nos-references\/\"]}]},{\"@type\":\"BreadcrumbList\",\"@id\":\"https:\/\/www.leaderhealth.ch\/index.php\/fr\/nos-references\/#breadcrumb\",\"itemListElement\":[{\"@type\":\"ListItem\",\"position\":1,\"item\":{\"@type\":\"WebPage\",\"@id\":\"https:\/\/www.leaderhealth.ch\/index.php\/fr\/leader-health\/\",\"url\":\"https:\/\/www.leaderhealth.ch\/index.php\/fr\/leader-health\/\",\"name\":\"Accueil\"}},{\"@type\":\"ListItem\",\"position\":2,\"item\":{\"@type\":\"WebPage\",\"@id\":\"https:\/\/www.leaderhealth.ch\/index.php\/fr\/nos-references\/\",\"url\":\"https:\/\/www.leaderhealth.ch\/index.php\/fr\/nos-references\/\",\"name\":\"R\\u00e9f\\u00e9rences\"}}]}]}<\/script>\n<!-- \/ Yoast SEO plugin. -->","_links":{"self":[{"href":"https:\/\/www.leaderhealth.ch\/index.php\/wp-json\/wp\/v2\/pages\/275"}],"collection":[{"href":"https:\/\/www.leaderhealth.ch\/index.php\/wp-json\/wp\/v2\/pages"}],"about":[{"href":"https:\/\/www.leaderhealth.ch\/index.php\/wp-json\/wp\/v2\/types\/page"}],"author":[{"embeddable":true,"href":"https:\/\/www.leaderhealth.ch\/index.php\/wp-json\/wp\/v2\/users\/1"}],"replies":[{"embeddable":true,"href":"https:\/\/www.leaderhealth.ch\/index.php\/wp-json\/wp\/v2\/comments?post=275"}],"version-history":[{"count":23,"href":"https:\/\/www.leaderhealth.ch\/index.php\/wp-json\/wp\/v2\/pages\/275\/revisions"}],"predecessor-version":[{"id":851,"href":"https:\/\/www.leaderhealth.ch\/index.php\/wp-json\/wp\/v2\/pages\/275\/revisions\/851"}],"wp:attachment":[{"href":"https:\/\/www.leaderhealth.ch\/index.php\/wp-json\/wp\/v2\/media?parent=275"}],"curies":[{"name":"wp","href":"https:\/\/api.w.org\/{rel}","templated":true}]}}