{"id":206,"date":"2016-05-12T17:19:37","date_gmt":"2016-05-12T15:19:37","guid":{"rendered":"http:\/\/www.leaderhealth.ch\/?page_id=206"},"modified":"2025-04-26T17:36:11","modified_gmt":"2025-04-26T15:36:11","slug":"publications","status":"publish","type":"page","link":"https:\/\/www.leaderhealth.ch\/index.php\/fr\/publications\/","title":{"rendered":"Publications"},"content":{"rendered":"\n<div class=\"wp-block-media-text alignwide is-stacked-on-mobile\" style=\"grid-template-columns:31% auto\"><figure class=\"wp-block-media-text__media\"><a href=\"https:\/\/www.leaderhealth.ch\/wp-content\/uploads\/2025\/04\/Arabhealth.pdf\" target=\"_blank\" rel=\"noopener\"><img loading=\"lazy\" width=\"250\" height=\"339\" src=\"https:\/\/www.leaderhealth.ch\/wp-content\/uploads\/2025\/04\/Arabhealth-vignette.jpg\" alt=\"Arab health 2025\" class=\"wp-image-1101 size-full\" srcset=\"https:\/\/www.leaderhealth.ch\/wp-content\/uploads\/2025\/04\/Arabhealth-vignette.jpg 250w, https:\/\/www.leaderhealth.ch\/wp-content\/uploads\/2025\/04\/Arabhealth-vignette-221x300.jpg 221w, https:\/\/www.leaderhealth.ch\/wp-content\/uploads\/2025\/04\/Arabhealth-vignette-111x150.jpg 111w\" sizes=\"(max-width: 250px) 100vw, 250px\" \/><\/a><\/figure><div class=\"wp-block-media-text__content\">\n<p><\/p>\n\n\n\n<p class=\"has-text-align-center\"><a href=\"https:\/\/www.leaderhealth.ch\/wp-content\/uploads\/2025\/04\/Arabhealth.pdf\" target=\"_blank\" rel=\"noreferrer noopener\">Arab Health 2025<\/a><\/p>\n\n\n\n<p class=\"has-text-align-center\"><a href=\"https:\/\/www.leaderhealth.ch\/wp-content\/uploads\/2025\/04\/Arabhealth.pdf\" target=\"_blank\" rel=\"noreferrer noopener\">T\u00e9l\u00e9charger le PDF<\/a><\/p>\n<\/div><\/div>\n\n\n\n<hr class=\"wp-block-separator is-style-wide\"\/>\n\n\n\n<div class=\"wp-block-media-text alignwide is-stacked-on-mobile\" style=\"grid-template-columns:30% auto\"><figure class=\"wp-block-media-text__media\"><a href=\"https:\/\/www.leaderhealth.ch\/index.php\/fr\/2023\/02\/24\/presentation\/\"><img loading=\"lazy\" width=\"300\" height=\"225\" src=\"https:\/\/www.leaderhealth.ch\/wp-content\/uploads\/2023\/02\/IMG-LECTEUR02-300x225.jpg\" alt=\"\" class=\"wp-image-1026 size-medium\" srcset=\"https:\/\/www.leaderhealth.ch\/wp-content\/uploads\/2023\/02\/IMG-LECTEUR02-300x225.jpg 300w, https:\/\/www.leaderhealth.ch\/wp-content\/uploads\/2023\/02\/IMG-LECTEUR02-1024x768.jpg 1024w, https:\/\/www.leaderhealth.ch\/wp-content\/uploads\/2023\/02\/IMG-LECTEUR02-150x113.jpg 150w, https:\/\/www.leaderhealth.ch\/wp-content\/uploads\/2023\/02\/IMG-LECTEUR02.jpg 1440w\" sizes=\"(max-width: 300px) 100vw, 300px\" \/><\/a><\/figure><div class=\"wp-block-media-text__content\">\n<p class=\"has-text-align-center has-large-font-size\"><\/p>\n\n\n\n<p class=\"has-text-align-center\"><a href=\"https:\/\/www.leaderhealth.ch\/index.php\/fr\/2023\/02\/24\/presentation\/\" target=\"_blank\" rel=\"noreferrer noopener\">Vid\u00e9o de pr\u00e9sentation<\/a><\/p>\n\n\n\n<p class=\"has-text-align-center\"><a href=\"https:\/\/www.leaderhealth.ch\/index.php\/fr\/2023\/02\/24\/presentation\/\">(Acc\u00e8s r\u00e9serv\u00e9)<\/a><\/p>\n<\/div><\/div>\n\n\n\n<hr class=\"wp-block-separator is-style-wide\"\/>\n\n\n\n<div class=\"wp-block-media-text alignwide is-stacked-on-mobile\" style=\"grid-template-columns:30% auto\"><figure class=\"wp-block-media-text__media\"><img loading=\"lazy\" width=\"212\" height=\"300\" src=\"https:\/\/www.leaderhealth.ch\/wp-content\/uploads\/2018\/04\/Lens-vignette-212x300.png\" alt=\"\" class=\"wp-image-781 size-medium\" srcset=\"https:\/\/www.leaderhealth.ch\/wp-content\/uploads\/2018\/04\/Lens-vignette-212x300.png 212w, https:\/\/www.leaderhealth.ch\/wp-content\/uploads\/2018\/04\/Lens-vignette-106x150.png 106w, https:\/\/www.leaderhealth.ch\/wp-content\/uploads\/2018\/04\/Lens-vignette.png 456w\" sizes=\"(max-width: 212px) 100vw, 212px\" \/><\/figure><div class=\"wp-block-media-text__content\">\n<p class=\"has-text-align-center\"><a href=\"https:\/\/www.leaderhealth.ch\/wp-content\/uploads\/2017\/11\/17-11-20-NHL-Article-de-La-Voix-du-Nord.pdf\" target=\"_blank\" rel=\"noreferrer noopener\">Centre Hospitalier de Lens&nbsp;<\/a><\/p>\n\n\n\n<p class=\"has-text-align-center\"><a href=\"https:\/\/www.leaderhealth.ch\/wp-content\/uploads\/2017\/11\/17-11-20-NHL-Article-de-La-Voix-du-Nord.pdf\" target=\"_blank\" rel=\"noreferrer noopener\">T\u00e9l\u00e9charger le PDF<\/a><\/p>\n<\/div><\/div>\n\n\n\n<hr class=\"wp-block-separator is-style-wide\"\/>\n\n\n\n<div class=\"wp-block-media-text alignwide is-stacked-on-mobile\" style=\"grid-template-columns:30% auto\"><figure class=\"wp-block-media-text__media\"><img loading=\"lazy\" width=\"211\" height=\"300\" src=\"https:\/\/www.leaderhealth.ch\/wp-content\/uploads\/2016\/05\/160509-Gestion-Hospitali\u00e8re-R\u00e9flexion-TCourbis-V3-211x300.jpg\" alt=\"\" class=\"wp-image-647 size-medium\" srcset=\"https:\/\/www.leaderhealth.ch\/wp-content\/uploads\/2016\/05\/160509-Gestion-Hospitali\u00e8re-R\u00e9flexion-TCourbis-V3-211x300.jpg 211w, https:\/\/www.leaderhealth.ch\/wp-content\/uploads\/2016\/05\/160509-Gestion-Hospitali\u00e8re-R\u00e9flexion-TCourbis-V3.jpg 583w\" sizes=\"(max-width: 211px) 100vw, 211px\" \/><\/figure><div class=\"wp-block-media-text__content\">\n<p class=\"has-text-align-center\"><a href=\"https:\/\/www.leaderhealth.ch\/wp-content\/uploads\/2016\/05\/160509-Gestion-Hospitali\u00e8re-R\u00e9flexion-TCourbis-V3.docx.pdf\">Gestion hospitali\u00e8re : La sant\u00e9 de demain<\/a><\/p>\n\n\n\n<p class=\"has-text-align-center\"><a href=\"https:\/\/www.leaderhealth.ch\/wp-content\/uploads\/2016\/05\/160509-Gestion-Hospitali\u00e8re-R\u00e9flexion-TCourbis-V3.docx.pdf\">T\u00e9l\u00e9charger le PDF<\/a><\/p>\n<\/div><\/div>\n\n\n\n<hr class=\"wp-block-separator is-style-wide\"\/>\n\n\n\n<div class=\"wp-block-media-text alignwide is-stacked-on-mobile\" style=\"grid-template-columns:30% auto\"><figure class=\"wp-block-media-text__media\"><img loading=\"lazy\" width=\"213\" height=\"300\" src=\"https:\/\/www.leaderhealth.ch\/wp-content\/uploads\/2016\/05\/trois_questions_a_thierry_courbis-213x300.jpg\" alt=\"\" class=\"wp-image-434 size-medium\" srcset=\"https:\/\/www.leaderhealth.ch\/wp-content\/uploads\/2016\/05\/trois_questions_a_thierry_courbis-213x300.jpg 213w, https:\/\/www.leaderhealth.ch\/wp-content\/uploads\/2016\/05\/trois_questions_a_thierry_courbis.jpg 459w\" sizes=\"(max-width: 213px) 100vw, 213px\" \/><\/figure><div class=\"wp-block-media-text__content\">\n<p class=\"has-text-align-center\"><a href=\"https:\/\/www.leaderhealth.ch\/wp-content\/uploads\/2016\/05\/H%C3%B4pital-du-futur.pdf\">H\u00f4pital du futur: Trois questions \u00e0 Thierry Courbis<\/a><\/p>\n\n\n\n<p class=\"has-text-align-center\"><a href=\"https:\/\/www.leaderhealth.ch\/wp-content\/uploads\/2016\/05\/H%C3%B4pital-du-futur.pdf\">T\u00e9l\u00e9charger le PDF<\/a><\/p>\n<\/div><\/div>\n\n\n\n<hr class=\"wp-block-separator is-style-wide\"\/>\n\n\n\n<div class=\"wp-block-media-text alignwide is-stacked-on-mobile\" style=\"grid-template-columns:30% auto\"><figure class=\"wp-block-media-text__media\"><img loading=\"lazy\" width=\"300\" height=\"264\" src=\"https:\/\/www.leaderhealth.ch\/wp-content\/uploads\/2016\/05\/Sans-titre-1-e1463126180386-300x264.png\" alt=\"Digital Hospital\" class=\"wp-image-259 size-medium\" srcset=\"https:\/\/www.leaderhealth.ch\/wp-content\/uploads\/2016\/05\/Sans-titre-1-e1463126180386-300x264.png 300w, https:\/\/www.leaderhealth.ch\/wp-content\/uploads\/2016\/05\/Sans-titre-1-e1463126180386.png 422w\" sizes=\"(max-width: 300px) 100vw, 300px\" \/><\/figure><div class=\"wp-block-media-text__content\">\n<p class=\"has-text-align-center\"><a href=\"https:\/\/www.leaderhealth.ch\/wp-content\/uploads\/2016\/05\/digital-hospital.pdf\">Digital Hospital : Evidence bassed design<\/a><\/p>\n\n\n\n<p class=\"has-text-align-center\"><a href=\"https:\/\/www.leaderhealth.ch\/wp-content\/uploads\/2016\/05\/digital-hospital.pdf\">T\u00e9l\u00e9charger le PDF<\/a><\/p>\n<\/div><\/div>\n\n\n\n<hr class=\"wp-block-separator is-style-wide\"\/>\n\n\n\n<div class=\"wp-block-media-text alignwide is-stacked-on-mobile\" style=\"grid-template-columns:31% auto\"><figure class=\"wp-block-media-text__media\"><img loading=\"lazy\" width=\"270\" height=\"300\" src=\"https:\/\/www.leaderhealth.ch\/wp-content\/uploads\/2016\/05\/au-coeur-des-systmes-de-sant-270x300.png\" alt=\"\" class=\"wp-image-420 size-medium\" srcset=\"https:\/\/www.leaderhealth.ch\/wp-content\/uploads\/2016\/05\/au-coeur-des-systmes-de-sant-270x300.png 270w, https:\/\/www.leaderhealth.ch\/wp-content\/uploads\/2016\/05\/au-coeur-des-systmes-de-sant-768x853.png 768w, https:\/\/www.leaderhealth.ch\/wp-content\/uploads\/2016\/05\/au-coeur-des-systmes-de-sant.png 900w\" sizes=\"(max-width: 270px) 100vw, 270px\" \/><\/figure><div class=\"wp-block-media-text__content\">\n<p class=\"has-text-align-center\"><a href=\"https:\/\/www.leaderhealth.ch\/wp-content\/uploads\/2016\/05\/Article-Gestion-Hospitali\u00e8re-au-coeur-des-syst\u00e8me-de-sant\u00e9.pdf\">Gestion Hospitali\u00e8re : Au coeur des syst\u00e8me de sant\u00e9<\/a><\/p>\n\n\n\n<p class=\"has-text-align-center\"><a href=\"https:\/\/www.leaderhealth.ch\/wp-content\/uploads\/2016\/05\/Article-Gestion-Hospitali\u00e8re-au-coeur-des-syst\u00e8me-de-sant\u00e9.pdf\">T\u00e9l\u00e9charger le PDF<\/a><\/p>\n<\/div><\/div>\n\n\n\n<hr class=\"wp-block-separator is-style-wide\"\/>\n\n\n\n<div class=\"wp-block-media-text alignwide is-stacked-on-mobile\" style=\"grid-template-columns:31% auto\"><figure class=\"wp-block-media-text__media\"><img loading=\"lazy\" width=\"240\" height=\"300\" src=\"https:\/\/www.leaderhealth.ch\/wp-content\/uploads\/2016\/05\/direct_hotpital-240x300.png\" alt=\"\" class=\"wp-image-422 size-medium\" srcset=\"https:\/\/www.leaderhealth.ch\/wp-content\/uploads\/2016\/05\/direct_hotpital-240x300.png 240w, https:\/\/www.leaderhealth.ch\/wp-content\/uploads\/2016\/05\/direct_hotpital-768x960.png 768w, https:\/\/www.leaderhealth.ch\/wp-content\/uploads\/2016\/05\/direct_hotpital.png 800w\" sizes=\"(max-width: 240px) 100vw, 240px\" \/><\/figure><div class=\"wp-block-media-text__content\">\n<p class=\"has-text-align-center\"><a href=\"https:\/\/www.leaderhealth.ch\/wp-content\/uploads\/2016\/05\/DIRECT-HOPITAL.pdf\">Direct H\u00f4pital: Une f\u00e9d\u00e9ration d&rsquo;experts aide les \u00e9tablissements de sant\u00e9 \u00e0 penser num\u00e9rique avant de penser b\u00e9ton<\/a><\/p>\n\n\n\n<p class=\"has-text-align-center\"><a href=\"https:\/\/www.leaderhealth.ch\/wp-content\/uploads\/2016\/05\/DIRECT-HOPITAL.pdf\">T\u00e9l\u00e9charger le PDF<\/a><\/p>\n<\/div><\/div>\n\n\n\n<hr class=\"wp-block-separator is-style-wide\"\/>\n\n\n\n<div class=\"wp-block-media-text alignwide is-stacked-on-mobile\" style=\"grid-template-columns:29% auto\"><figure class=\"wp-block-media-text__media\"><img loading=\"lazy\" width=\"225\" height=\"300\" src=\"https:\/\/www.leaderhealth.ch\/wp-content\/uploads\/2016\/05\/pdf_01-225x300.png\" alt=\"\" class=\"wp-image-423 size-medium\" srcset=\"https:\/\/www.leaderhealth.ch\/wp-content\/uploads\/2016\/05\/pdf_01-225x300.png 225w, https:\/\/www.leaderhealth.ch\/wp-content\/uploads\/2016\/05\/pdf_01.png 450w\" sizes=\"(max-width: 225px) 100vw, 225px\" \/><\/figure><div class=\"wp-block-media-text__content\">\n<p class=\"has-text-align-center\"><a href=\"https:\/\/www.leaderhealth.ch\/wp-content\/uploads\/2016\/05\/Article-TIH-sur-DHI.pdf\">H\u00f4pital, Patients, Syst\u00e8me d&rsquo;information<\/a><\/p>\n\n\n\n<p class=\"has-text-align-center\"><a href=\"https:\/\/www.leaderhealth.ch\/wp-content\/uploads\/2016\/05\/Article-TIH-sur-DHI.pdf\">T\u00e9l\u00e9charger le PDF<\/a><\/p>\n<\/div><\/div>\n\n\n\n<hr class=\"wp-block-separator is-style-wide\"\/>\n\n\n\n<div class=\"wp-block-media-text alignwide is-stacked-on-mobile\" style=\"grid-template-columns:29% auto\"><figure class=\"wp-block-media-text__media\"><img loading=\"lazy\" width=\"225\" height=\"300\" src=\"https:\/\/www.leaderhealth.ch\/wp-content\/uploads\/2016\/05\/pdf_02-225x300.png\" alt=\"\" class=\"wp-image-424 size-medium\" srcset=\"https:\/\/www.leaderhealth.ch\/wp-content\/uploads\/2016\/05\/pdf_02-225x300.png 225w, https:\/\/www.leaderhealth.ch\/wp-content\/uploads\/2016\/05\/pdf_02.png 450w\" sizes=\"(max-width: 225px) 100vw, 225px\" \/><\/figure><div class=\"wp-block-media-text__content\">\n<p class=\"has-text-align-center\"><a href=\"https:\/\/www.leaderhealth.ch\/wp-content\/uploads\/2016\/05\/Design-Organisationnel-Gestion-Hospitali\u00e8re.pdf\">Design Organisationnel Gestion Hospitali\u00e8re<\/a><\/p>\n\n\n\n<p class=\"has-text-align-center\"><a href=\"https:\/\/www.leaderhealth.ch\/wp-content\/uploads\/2016\/05\/Design-Organisationnel-Gestion-Hospitali\u00e8re.pdf\">T\u00e9l\u00e9charger le PDF<\/a><\/p>\n<\/div><\/div>\n\n\n\n<hr class=\"wp-block-separator is-style-wide\"\/>\n\n\n\n<div class=\"wp-block-media-text alignwide is-stacked-on-mobile\" style=\"grid-template-columns:29% auto\"><figure class=\"wp-block-media-text__media\"><img loading=\"lazy\" width=\"225\" height=\"300\" src=\"https:\/\/www.leaderhealth.ch\/wp-content\/uploads\/2016\/05\/pdf_03-225x300.png\" alt=\"\" class=\"wp-image-425 size-medium\" srcset=\"https:\/\/www.leaderhealth.ch\/wp-content\/uploads\/2016\/05\/pdf_03-225x300.png 225w, https:\/\/www.leaderhealth.ch\/wp-content\/uploads\/2016\/05\/pdf_03.png 450w\" sizes=\"(max-width: 225px) 100vw, 225px\" \/><\/figure><div class=\"wp-block-media-text__content\">\n<p class=\"has-text-align-center\"><a href=\"https:\/\/www.leaderhealth.ch\/wp-content\/uploads\/2016\/05\/DHI-Gestion-Hospitali%C3%A8re.pdf\">L&rsquo;h\u00f4pital num\u00e9rique: Evidence bassed in architecture design<\/a><\/p>\n\n\n\n<p class=\"has-text-align-center\"><a href=\"https:\/\/www.leaderhealth.ch\/wp-content\/uploads\/2016\/05\/DHI-Gestion-Hospitali%C3%A8re.pdf\">T\u00e9l\u00e9charger le PDF<\/a><\/p>\n<\/div><\/div>\n\n\n\n<hr class=\"wp-block-separator is-style-wide\"\/>\n\n\n\n<div class=\"wp-block-media-text alignwide is-stacked-on-mobile\" style=\"grid-template-columns:31% auto\"><figure class=\"wp-block-media-text__media\"><img loading=\"lazy\" width=\"300\" height=\"225\" src=\"https:\/\/www.leaderhealth.ch\/wp-content\/uploads\/2016\/05\/pdf_04-300x225.png\" alt=\"\" class=\"wp-image-426 size-medium\" srcset=\"https:\/\/www.leaderhealth.ch\/wp-content\/uploads\/2016\/05\/pdf_04-300x225.png 300w, https:\/\/www.leaderhealth.ch\/wp-content\/uploads\/2016\/05\/pdf_04.png 600w\" sizes=\"(max-width: 300px) 100vw, 300px\" \/><\/figure><div class=\"wp-block-media-text__content\">\n<p class=\"has-text-align-center\"><a href=\"https:\/\/www.leaderhealth.ch\/wp-content\/uploads\/2016\/05\/Gestion-Hospitali\u00e8re-pub-Impact-Study.pdf\">Pour un management et une production optimis\u00e9s<\/a><\/p>\n\n\n\n<p class=\"has-text-align-center\"><a href=\"https:\/\/www.leaderhealth.ch\/wp-content\/uploads\/2016\/05\/Gestion-Hospitali\u00e8re-pub-Impact-Study.pdf\">T\u00e9l\u00e9charger le PDF<\/a><\/p>\n<\/div><\/div>\n\n\n\n<hr class=\"wp-block-separator is-style-wide\"\/>\n\n\n\n<div class=\"wp-block-media-text alignwide is-stacked-on-mobile\" style=\"grid-template-columns:29% auto\"><figure class=\"wp-block-media-text__media\"><img loading=\"lazy\" width=\"300\" height=\"225\" src=\"https:\/\/www.leaderhealth.ch\/wp-content\/uploads\/2016\/05\/pdf_05-300x225.png\" alt=\"\" class=\"wp-image-427 size-medium\" srcset=\"https:\/\/www.leaderhealth.ch\/wp-content\/uploads\/2016\/05\/pdf_05-300x225.png 300w, https:\/\/www.leaderhealth.ch\/wp-content\/uploads\/2016\/05\/pdf_05.png 600w\" sizes=\"(max-width: 300px) 100vw, 300px\" \/><\/figure><div class=\"wp-block-media-text__content\">\n<p class=\"has-text-align-center\"><a href=\"https:\/\/www.leaderhealth.ch\/wp-content\/uploads\/2016\/05\/Leader-Health-Article-TIH2.pdf\">H\u00f4pital num\u00e9rique : quand l&rsquo;expertise est de mise<\/a><\/p>\n\n\n\n<p class=\"has-text-align-center\"><a href=\"https:\/\/www.leaderhealth.ch\/wp-content\/uploads\/2016\/05\/Leader-Health-Article-TIH2.pdf\">T\u00e9l\u00e9charger le PDF<\/a><\/p>\n<\/div><\/div>\n\n\n\n<hr class=\"wp-block-separator is-style-wide\"\/>\n\n\n\n<div class=\"wp-block-media-text alignwide is-stacked-on-mobile\" style=\"grid-template-columns:28% auto\"><figure class=\"wp-block-media-text__media\"><img loading=\"lazy\" width=\"225\" height=\"300\" src=\"https:\/\/www.leaderhealth.ch\/wp-content\/uploads\/2016\/05\/pdf_06-225x300.png\" alt=\"\" class=\"wp-image-428 size-medium\" srcset=\"https:\/\/www.leaderhealth.ch\/wp-content\/uploads\/2016\/05\/pdf_06-225x300.png 225w, https:\/\/www.leaderhealth.ch\/wp-content\/uploads\/2016\/05\/pdf_06.png 450w\" sizes=\"(max-width: 225px) 100vw, 225px\" \/><\/figure><div class=\"wp-block-media-text__content\">\n<p class=\"has-text-align-center\"><a href=\"https:\/\/www.leaderhealth.ch\/wp-content\/uploads\/2016\/05\/Revue-INTERACTION-UTC.pdf\">Un robot pour g\u00e9rer les flux de l&rsquo;h\u00f4pital<\/a><\/p>\n\n\n\n<p class=\"has-text-align-center\"><a href=\"https:\/\/www.leaderhealth.ch\/wp-content\/uploads\/2016\/05\/Revue-INTERACTION-UTC.pdf\">T\u00e9l\u00e9charger le PDF<\/a><\/p>\n<\/div><\/div>\n\n\n\n<hr class=\"wp-block-separator is-style-wide\"\/>\n\n\n\n<div class=\"wp-block-media-text alignwide is-stacked-on-mobile\" style=\"grid-template-columns:28% auto\"><figure class=\"wp-block-media-text__media\"><img loading=\"lazy\" width=\"225\" height=\"300\" src=\"https:\/\/www.leaderhealth.ch\/wp-content\/uploads\/2016\/05\/pdf_07-225x300.png\" alt=\"\" class=\"wp-image-429 size-medium\" srcset=\"https:\/\/www.leaderhealth.ch\/wp-content\/uploads\/2016\/05\/pdf_07-225x300.png 225w, https:\/\/www.leaderhealth.ch\/wp-content\/uploads\/2016\/05\/pdf_07.png 450w\" sizes=\"(max-width: 225px) 100vw, 225px\" \/><\/figure><div class=\"wp-block-media-text__content\">\n<p class=\"has-text-align-center\"><a href=\"https:\/\/www.leaderhealth.ch\/wp-content\/uploads\/2016\/05\/Ssoci\u00e9t\u00e9_-sant\u00e9.pdf\">Aux bons soins du num\u00e9rique<\/a><\/p>\n\n\n\n<p class=\"has-text-align-center\"><a href=\"https:\/\/www.leaderhealth.ch\/wp-content\/uploads\/2016\/05\/Ssoci\u00e9t\u00e9_-sant\u00e9.pdf\">T\u00e9l\u00e9charger le PDF<\/a><\/p>\n<\/div><\/div>\n\n\n\n<hr class=\"wp-block-separator is-style-wide\"\/>\n\n\n\n<div class=\"wp-block-media-text alignwide is-stacked-on-mobile\" style=\"grid-template-columns:24% auto\"><figure class=\"wp-block-media-text__media\"><img loading=\"lazy\" width=\"225\" height=\"300\" src=\"https:\/\/www.leaderhealth.ch\/wp-content\/uploads\/2016\/05\/pdf_09-225x300.png\" alt=\"\" class=\"wp-image-430 size-medium\" srcset=\"https:\/\/www.leaderhealth.ch\/wp-content\/uploads\/2016\/05\/pdf_09-225x300.png 225w, https:\/\/www.leaderhealth.ch\/wp-content\/uploads\/2016\/05\/pdf_09.png 450w\" sizes=\"(max-width: 225px) 100vw, 225px\" \/><\/figure><div class=\"wp-block-media-text__content\">\n<p class=\"has-text-align-center\"><a href=\"https:\/\/www.leaderhealth.ch\/wp-content\/uploads\/2016\/05\/TH-Robotiser-les-flux-logistiques.pdf\">Robotiser au automatiser les flux patients et logistiques dans un h\u00f4pital num\u00e9rique par conception<\/a><\/p>\n\n\n\n<p class=\"has-text-align-center\"><a href=\"https:\/\/www.leaderhealth.ch\/wp-content\/uploads\/2016\/05\/TH-Robotiser-les-flux-logistiques.pdf\">T\u00e9l\u00e9charger le PDF<\/a><\/p>\n<\/div><\/div>\n\n\n\n<hr class=\"wp-block-separator is-style-wide\"\/>\n\n\n\n<div class=\"wp-block-media-text alignwide is-stacked-on-mobile\" style=\"grid-template-columns:25% auto\"><figure class=\"wp-block-media-text__media\"><img loading=\"lazy\" width=\"270\" height=\"300\" src=\"https:\/\/www.leaderhealth.ch\/wp-content\/uploads\/2016\/05\/un-nouveau_modele-d_hopital-270x300.png\" alt=\"\" class=\"wp-image-431 size-medium\" srcset=\"https:\/\/www.leaderhealth.ch\/wp-content\/uploads\/2016\/05\/un-nouveau_modele-d_hopital-270x300.png 270w, https:\/\/www.leaderhealth.ch\/wp-content\/uploads\/2016\/05\/un-nouveau_modele-d_hopital-768x853.png 768w, https:\/\/www.leaderhealth.ch\/wp-content\/uploads\/2016\/05\/un-nouveau_modele-d_hopital.png 900w\" sizes=\"(max-width: 270px) 100vw, 270px\" \/><\/figure><div class=\"wp-block-media-text__content\">\n<p class=\"has-text-align-center\"><a href=\"https:\/\/www.leaderhealth.ch\/wp-content\/uploads\/2016\/05\/Hopital-num\u00e9rique-HIT-2015bis.pdf\">Point de vue \u00ab\u00a0Vers un nouveau mod\u00e8le d&rsquo;h\u00f4pital\u00a0\u00bb<\/a><\/p>\n\n\n\n<p class=\"has-text-align-center\"><a href=\"https:\/\/www.leaderhealth.ch\/wp-content\/uploads\/2016\/05\/Hopital-num\u00e9rique-HIT-2015bis.pdf\">T\u00e9l\u00e9charger le PDF<\/a><\/p>\n<\/div><\/div>\n\n\n\n<hr class=\"wp-block-separator is-style-wide\"\/>\n\n\n\n<div class=\"wp-block-media-text alignwide is-stacked-on-mobile\" style=\"grid-template-columns:27% auto\"><figure class=\"wp-block-media-text__media\"><img loading=\"lazy\" width=\"225\" height=\"300\" src=\"https:\/\/www.leaderhealth.ch\/wp-content\/uploads\/2016\/05\/pdf_10-225x300.png\" alt=\"\" class=\"wp-image-204 size-medium\" srcset=\"https:\/\/www.leaderhealth.ch\/wp-content\/uploads\/2016\/05\/pdf_10-225x300.png 225w, https:\/\/www.leaderhealth.ch\/wp-content\/uploads\/2016\/05\/pdf_10.png 450w\" sizes=\"(max-width: 225px) 100vw, 225px\" \/><\/figure><div class=\"wp-block-media-text__content\">\n<p class=\"has-text-align-center\"><a href=\"https:\/\/www.leaderhealth.ch\/wp-content\/uploads\/2016\/05\/Toile-ou-b%C3%A9ton-Gestion-Hospitali%C3%A8res.pdf\" target=\"_blank\" rel=\"noreferrer noopener\">Investir plus dans la Toile que dans le b\u00e9ton<\/a><\/p>\n\n\n\n<p class=\"has-text-align-center\"><a href=\"https:\/\/www.leaderhealth.ch\/wp-content\/uploads\/2016\/05\/Toile-ou-b%C3%A9ton-Gestion-Hospitali%C3%A8res.pdf\">T\u00e9l\u00e9charger le PDF<\/a><\/p>\n<\/div><\/div>\n\n\n\n<p><\/p>\n","protected":false},"excerpt":{"rendered":"<p>Arab Health 2025 T\u00e9l\u00e9charger le PDF Vid\u00e9o de pr\u00e9sentation (Acc\u00e8s r\u00e9serv\u00e9) Centre Hospitalier de Lens&nbsp; T\u00e9l\u00e9charger le PDF Gestion hospitali\u00e8re : La sant\u00e9 de demain T\u00e9l\u00e9charger le PDF H\u00f4pital du futur: Trois questions \u00e0 Thierry Courbis T\u00e9l\u00e9charger le PDF Digital Hospital : Evidence bassed design T\u00e9l\u00e9charger le PDF Gestion Hospitali\u00e8re : Au coeur des syst\u00e8me<\/p>\n","protected":false},"author":1,"featured_media":0,"parent":0,"menu_order":0,"comment_status":"closed","ping_status":"closed","template":"","meta":[],"yoast_head":"<!-- This site is optimized with the Yoast SEO plugin v16.1.1 - https:\/\/yoast.com\/wordpress\/plugins\/seo\/ -->\n<title>Publications - Leader Health<\/title>\n<link rel=\"canonical\" href=\"https:\/\/www.leaderhealth.ch\/index.php\/fr\/publications\/\" \/>\n<meta property=\"og:locale\" content=\"fr_FR\" \/>\n<meta property=\"og:type\" content=\"article\" \/>\n<meta property=\"og:title\" content=\"Publications - Leader Health\" \/>\n<meta property=\"og:description\" content=\"Arab Health 2025 T\u00e9l\u00e9charger le PDF Vid\u00e9o de pr\u00e9sentation (Acc\u00e8s r\u00e9serv\u00e9) Centre Hospitalier de Lens&nbsp; T\u00e9l\u00e9charger le PDF Gestion hospitali\u00e8re : La sant\u00e9 de demain T\u00e9l\u00e9charger le PDF H\u00f4pital du futur: Trois questions \u00e0 Thierry Courbis T\u00e9l\u00e9charger le PDF Digital Hospital : Evidence bassed design T\u00e9l\u00e9charger le PDF Gestion Hospitali\u00e8re : Au coeur des syst\u00e8me\" \/>\n<meta property=\"og:url\" content=\"https:\/\/www.leaderhealth.ch\/index.php\/fr\/publications\/\" \/>\n<meta property=\"og:site_name\" content=\"Leader Health\" \/>\n<meta property=\"article:modified_time\" content=\"2025-04-26T15:36:11+00:00\" \/>\n<meta property=\"og:image\" content=\"https:\/\/www.leaderhealth.ch\/wp-content\/uploads\/2025\/04\/Arabhealth-vignette.jpg\" \/>\n<meta name=\"twitter:card\" content=\"summary\" \/>\n<meta name=\"twitter:label1\" content=\"Dur\u00e9e de lecture est.\">\n\t<meta name=\"twitter:data1\" content=\"5 minutes\">\n<script type=\"application\/ld+json\" class=\"yoast-schema-graph\">{\"@context\":\"https:\/\/schema.org\",\"@graph\":[{\"@type\":\"WebSite\",\"@id\":\"https:\/\/www.leaderhealth.ch\/#website\",\"url\":\"https:\/\/www.leaderhealth.ch\/\",\"name\":\"Leader Health\",\"description\":\"\",\"potentialAction\":[{\"@type\":\"SearchAction\",\"target\":\"https:\/\/www.leaderhealth.ch\/?s={search_term_string}\",\"query-input\":\"required name=search_term_string\"}],\"inLanguage\":\"fr-FR\"},{\"@type\":\"ImageObject\",\"@id\":\"https:\/\/www.leaderhealth.ch\/index.php\/fr\/publications\/#primaryimage\",\"inLanguage\":\"fr-FR\",\"url\":\"https:\/\/www.leaderhealth.ch\/wp-content\/uploads\/2025\/04\/Arabhealth-vignette.jpg\",\"contentUrl\":\"https:\/\/www.leaderhealth.ch\/wp-content\/uploads\/2025\/04\/Arabhealth-vignette.jpg\",\"width\":250,\"height\":339,\"caption\":\"Arab health 2025\"},{\"@type\":\"WebPage\",\"@id\":\"https:\/\/www.leaderhealth.ch\/index.php\/fr\/publications\/#webpage\",\"url\":\"https:\/\/www.leaderhealth.ch\/index.php\/fr\/publications\/\",\"name\":\"Publications - Leader Health\",\"isPartOf\":{\"@id\":\"https:\/\/www.leaderhealth.ch\/#website\"},\"primaryImageOfPage\":{\"@id\":\"https:\/\/www.leaderhealth.ch\/index.php\/fr\/publications\/#primaryimage\"},\"datePublished\":\"2016-05-12T15:19:37+00:00\",\"dateModified\":\"2025-04-26T15:36:11+00:00\",\"breadcrumb\":{\"@id\":\"https:\/\/www.leaderhealth.ch\/index.php\/fr\/publications\/#breadcrumb\"},\"inLanguage\":\"fr-FR\",\"potentialAction\":[{\"@type\":\"ReadAction\",\"target\":[\"https:\/\/www.leaderhealth.ch\/index.php\/fr\/publications\/\"]}]},{\"@type\":\"BreadcrumbList\",\"@id\":\"https:\/\/www.leaderhealth.ch\/index.php\/fr\/publications\/#breadcrumb\",\"itemListElement\":[{\"@type\":\"ListItem\",\"position\":1,\"item\":{\"@type\":\"WebPage\",\"@id\":\"https:\/\/www.leaderhealth.ch\/index.php\/fr\/leader-health\/\",\"url\":\"https:\/\/www.leaderhealth.ch\/index.php\/fr\/leader-health\/\",\"name\":\"Accueil\"}},{\"@type\":\"ListItem\",\"position\":2,\"item\":{\"@type\":\"WebPage\",\"@id\":\"https:\/\/www.leaderhealth.ch\/index.php\/fr\/publications\/\",\"url\":\"https:\/\/www.leaderhealth.ch\/index.php\/fr\/publications\/\",\"name\":\"Publications\"}}]}]}<\/script>\n<!-- \/ Yoast SEO plugin. -->","_links":{"self":[{"href":"https:\/\/www.leaderhealth.ch\/index.php\/wp-json\/wp\/v2\/pages\/206"}],"collection":[{"href":"https:\/\/www.leaderhealth.ch\/index.php\/wp-json\/wp\/v2\/pages"}],"about":[{"href":"https:\/\/www.leaderhealth.ch\/index.php\/wp-json\/wp\/v2\/types\/page"}],"author":[{"embeddable":true,"href":"https:\/\/www.leaderhealth.ch\/index.php\/wp-json\/wp\/v2\/users\/1"}],"replies":[{"embeddable":true,"href":"https:\/\/www.leaderhealth.ch\/index.php\/wp-json\/wp\/v2\/comments?post=206"}],"version-history":[{"count":80,"href":"https:\/\/www.leaderhealth.ch\/index.php\/wp-json\/wp\/v2\/pages\/206\/revisions"}],"predecessor-version":[{"id":1102,"href":"https:\/\/www.leaderhealth.ch\/index.php\/wp-json\/wp\/v2\/pages\/206\/revisions\/1102"}],"wp:attachment":[{"href":"https:\/\/www.leaderhealth.ch\/index.php\/wp-json\/wp\/v2\/media?parent=206"}],"curies":[{"name":"wp","href":"https:\/\/api.w.org\/{rel}","templated":true}]}}