{"id":160,"date":"2016-05-12T16:14:02","date_gmt":"2016-05-12T14:14:02","guid":{"rendered":"http:\/\/www.leaderhealth.ch\/?page_id=160"},"modified":"2016-05-17T13:56:43","modified_gmt":"2016-05-17T11:56:43","slug":"160-2","status":"publish","type":"page","link":"https:\/\/www.leaderhealth.ch\/index.php\/en\/160-2\/","title":{"rendered":"References"},"content":{"rendered":"<div style=\"text-align: justify;\">\n<h2>Our references<\/h2>\n<ul>\n<li><strong>Suisse<\/strong>:\u00a0H\u00f4pitaux Universitaires de Gen\u00e8ve, Projet Chablais Rivi\u00e9ra Switzerland, Clinique Beaulieu, CHU de l\u2019\u00eele Bern, CHU du Canton de Vaud, Groupe Anklin Storz.<\/li>\n<li><strong>France<\/strong>:\u00a0American Hospital of Paris, Assistance Publique H\u00f4pitaux de Paris, Assistance Publique H\u00f4pitaux de Marseille, CH d\u2019Arras, CH d\u2019Annecy en Genevois, CH de Basse Terre, CH d\u2019Epinal, CH de Golbey, CH de Lens, CH de Saint Brieuc, CH de Saint Egr\u00e8ve, CH Sud Francilien, CH de Vichy, Institut Saint Joseph de Marseille, Groupe Solemnes Tremblay, Groupe Korian, Groupe Vedici, Groupement CSMS de l\u2019Aunis, CGI sant\u00e9, Projet CH Melun, CHU Amiens, CHU de Caen, CHU de Grenoble, CHU Lariboisi\u00e8re, CHU de Montpellier, CHU Poitiers, CHU de Nantes, IHU de Strasbourg, CHU Reims, CHU Strasbourg, CHU Toulouse\u2026.<\/li>\n<li><strong>Etranger<\/strong>:\u00a0Projet H\u00f4pital Princesse Grace de Monaco, Projet Cleveland Clinic of Abu Dhabi, Cliniques St Luc de l\u2019Universit\u00e9 Catholique de Louvain, Projet Cliniques Chirec Bruxelles, London\u2019s Hospital Ontario Canada, HIMSS North America, University Hospital of Pittsburg, CHU Ahus Oslo, CHU Trondheim en Norv\u00e8ge, CHU Montr\u00e9al, HIMSS Europa, Dasman Diabetes Institut Kuwait, Cliniques Al Maaden Maroc, CHU Hanoi Vietnam, Groupe Storz Berlin Allemagne.<\/li>\n<\/ul>\n<p>&nbsp;<\/p>\n<p>&nbsp;<\/p>\n<\/div>\n","protected":false},"excerpt":{"rendered":"<p>Our references Suisse:\u00a0H\u00f4pitaux Universitaires de Gen\u00e8ve, Projet Chablais Rivi\u00e9ra Switzerland, Clinique Beaulieu, CHU de l\u2019\u00eele Bern, CHU du Canton de Vaud, Groupe Anklin Storz. France:\u00a0American Hospital of Paris, Assistance Publique H\u00f4pitaux de Paris, Assistance Publique H\u00f4pitaux de Marseille, CH d\u2019Arras, CH d\u2019Annecy en Genevois, CH de Basse Terre, CH d\u2019Epinal, CH de Golbey, CH de<\/p>\n","protected":false},"author":1,"featured_media":0,"parent":0,"menu_order":0,"comment_status":"closed","ping_status":"closed","template":"","meta":[],"yoast_head":"<!-- This site is optimized with the Yoast SEO plugin v16.1.1 - https:\/\/yoast.com\/wordpress\/plugins\/seo\/ -->\n<title>References - Leader Health<\/title>\n<link rel=\"canonical\" href=\"https:\/\/www.leaderhealth.ch\/index.php\/en\/160-2\/\" \/>\n<meta property=\"og:locale\" content=\"fr_FR\" \/>\n<meta property=\"og:type\" content=\"article\" \/>\n<meta property=\"og:title\" content=\"References - Leader Health\" \/>\n<meta property=\"og:description\" content=\"Our references Suisse:\u00a0H\u00f4pitaux Universitaires de Gen\u00e8ve, Projet Chablais Rivi\u00e9ra Switzerland, Clinique Beaulieu, CHU de l\u2019\u00eele Bern, CHU du Canton de Vaud, Groupe Anklin Storz. France:\u00a0American Hospital of Paris, Assistance Publique H\u00f4pitaux de Paris, Assistance Publique H\u00f4pitaux de Marseille, CH d\u2019Arras, CH d\u2019Annecy en Genevois, CH de Basse Terre, CH d\u2019Epinal, CH de Golbey, CH de\" \/>\n<meta property=\"og:url\" content=\"https:\/\/www.leaderhealth.ch\/index.php\/en\/160-2\/\" \/>\n<meta property=\"og:site_name\" content=\"Leader Health\" \/>\n<meta property=\"article:modified_time\" content=\"2016-05-17T11:56:43+00:00\" \/>\n<meta name=\"twitter:card\" content=\"summary\" \/>\n<meta name=\"twitter:label1\" content=\"Dur\u00e9e de lecture est.\">\n\t<meta name=\"twitter:data1\" content=\"1 minute\">\n<script type=\"application\/ld+json\" class=\"yoast-schema-graph\">{\"@context\":\"https:\/\/schema.org\",\"@graph\":[{\"@type\":\"WebSite\",\"@id\":\"https:\/\/www.leaderhealth.ch\/#website\",\"url\":\"https:\/\/www.leaderhealth.ch\/\",\"name\":\"Leader Health\",\"description\":\"\",\"potentialAction\":[{\"@type\":\"SearchAction\",\"target\":\"https:\/\/www.leaderhealth.ch\/?s={search_term_string}\",\"query-input\":\"required name=search_term_string\"}],\"inLanguage\":\"fr-FR\"},{\"@type\":\"WebPage\",\"@id\":\"https:\/\/www.leaderhealth.ch\/index.php\/en\/160-2\/#webpage\",\"url\":\"https:\/\/www.leaderhealth.ch\/index.php\/en\/160-2\/\",\"name\":\"References - Leader Health\",\"isPartOf\":{\"@id\":\"https:\/\/www.leaderhealth.ch\/#website\"},\"datePublished\":\"2016-05-12T14:14:02+00:00\",\"dateModified\":\"2016-05-17T11:56:43+00:00\",\"breadcrumb\":{\"@id\":\"https:\/\/www.leaderhealth.ch\/index.php\/en\/160-2\/#breadcrumb\"},\"inLanguage\":\"fr-FR\",\"potentialAction\":[{\"@type\":\"ReadAction\",\"target\":[\"https:\/\/www.leaderhealth.ch\/index.php\/en\/160-2\/\"]}]},{\"@type\":\"BreadcrumbList\",\"@id\":\"https:\/\/www.leaderhealth.ch\/index.php\/en\/160-2\/#breadcrumb\",\"itemListElement\":[{\"@type\":\"ListItem\",\"position\":1,\"item\":{\"@type\":\"WebPage\",\"@id\":\"https:\/\/www.leaderhealth.ch\/index.php\/fr\/leader-health\/\",\"url\":\"https:\/\/www.leaderhealth.ch\/index.php\/fr\/leader-health\/\",\"name\":\"Accueil\"}},{\"@type\":\"ListItem\",\"position\":2,\"item\":{\"@type\":\"WebPage\",\"@id\":\"https:\/\/www.leaderhealth.ch\/index.php\/en\/160-2\/\",\"url\":\"https:\/\/www.leaderhealth.ch\/index.php\/en\/160-2\/\",\"name\":\"References\"}}]}]}<\/script>\n<!-- \/ Yoast SEO plugin. -->","_links":{"self":[{"href":"https:\/\/www.leaderhealth.ch\/index.php\/wp-json\/wp\/v2\/pages\/160"}],"collection":[{"href":"https:\/\/www.leaderhealth.ch\/index.php\/wp-json\/wp\/v2\/pages"}],"about":[{"href":"https:\/\/www.leaderhealth.ch\/index.php\/wp-json\/wp\/v2\/types\/page"}],"author":[{"embeddable":true,"href":"https:\/\/www.leaderhealth.ch\/index.php\/wp-json\/wp\/v2\/users\/1"}],"replies":[{"embeddable":true,"href":"https:\/\/www.leaderhealth.ch\/index.php\/wp-json\/wp\/v2\/comments?post=160"}],"version-history":[{"count":3,"href":"https:\/\/www.leaderhealth.ch\/index.php\/wp-json\/wp\/v2\/pages\/160\/revisions"}],"predecessor-version":[{"id":557,"href":"https:\/\/www.leaderhealth.ch\/index.php\/wp-json\/wp\/v2\/pages\/160\/revisions\/557"}],"wp:attachment":[{"href":"https:\/\/www.leaderhealth.ch\/index.php\/wp-json\/wp\/v2\/media?parent=160"}],"curies":[{"name":"wp","href":"https:\/\/api.w.org\/{rel}","templated":true}]}}