{"id":134,"date":"2016-05-12T15:32:08","date_gmt":"2016-05-12T13:32:08","guid":{"rendered":"http:\/\/www.leaderhealth.ch\/?page_id=134"},"modified":"2016-05-18T18:03:29","modified_gmt":"2016-05-18T16:03:29","slug":"prestations","status":"publish","type":"page","link":"https:\/\/www.leaderhealth.ch\/index.php\/fr\/prestations\/","title":{"rendered":"Prestations"},"content":{"rendered":"<h2>Nos prestations<\/h2>\n<div style=\"text-align: justify;\">\n<p>Ce que fait Leader Health :<\/p>\n<ul>\n<li>Conseil en management strat\u00e9gique &amp; technologies digitales pour d\u00e9cideurs hospitaliers. Identifier et fournir les meilleurs experts pour aider \u00e0 la r\u00e9alisation de projets complexes et\/ou strat\u00e9giques.<\/li>\n<li>Aide clarifier la vision \u00ab\u00a0H\u00f4pital Digital\u00a0\u00bb \u00e0 l\u2019occasion d\u2019un projet de construction ou d\u2019une r\u00e9habilitation d\u2019importance pour \u00e9viter de b\u00e2tir sur des mod\u00e8les pass\u00e9istes.<\/li>\n<li>Accompagne la reconstruction d\u2019un h\u00f4pital ou clinique dans les domaines du num\u00e9rique et de la robotique.<\/li>\n<li>Faciliter la collaboration avec d\u2019autres h\u00f4pitaux (mutualisation) et optimiser le parcours de soins dans un\u00a0 territoire de sant\u00e9.<\/li>\n<li>Accompagnement des \u00e9quipes dirigeantes et m\u00e9dicales durant le processus de transformation par les technologies.<\/li>\n<li>Aide \u00e0 l\u2019obtention de r\u00e9sultats concrets dans des projets complexes, tels que la reconstruction d\u2019un b\u00e2timent innovant, un plan strat\u00e9gique, un sch\u00e9ma directeur.<\/li>\n<li>Evaluer les b\u00e9n\u00e9fices et retours d\u2019investissement (R.O.I).<\/li>\n<li>Aider \u00e0 faire face \u00e0 une carence, une absence un renfort ponctuel par la mise \u00e0 disposition de cadres de haut niveau en mode \u00ab Transitory Management \u00bb.<\/li>\n<li>Aider les \u00e9tablissements pour personnes \u00e2g\u00e9es dans leur transformation autour des technologies num\u00e9riques et des syst\u00e8mes d\u2019information.<\/li>\n<\/ul>\n<\/div>\n<p><center><img loading=\"lazy\" class=\"wp-image-137 size-large aligncenter\" title=\"Leader Health - Prestations\" src=\"https:\/\/www.leaderhealth.ch\/wp-content\/uploads\/2016\/05\/Image1-1024x562.png\" alt=\"Leader Health - Prestations\" width=\"550\" height=\"302\" \/><\/center>&nbsp;<\/p>\n<p>Leader Health ne fait pas :<\/p>\n<div style=\"text-align: justify;\">\n<ul>\n<li>D\u00e9veloppement de logiciels, d\u00e9ploiement de solution, vente de produits.<\/li>\n<\/ul>\n<p>Leader Health garantit \u00e0 ses clients une ind\u00e9pendance totale vis-\u00e0-vis des solutions que nous pourrions pr\u00e9coniser ou auditer.<\/p>\n<p>&nbsp;<\/p>\n<\/div>\n","protected":false},"excerpt":{"rendered":"<p>Nos prestations Ce que fait Leader Health : Conseil en management strat\u00e9gique &amp; technologies digitales pour d\u00e9cideurs hospitaliers. Identifier et fournir les meilleurs experts pour aider \u00e0 la r\u00e9alisation de projets complexes et\/ou strat\u00e9giques. Aide clarifier la vision \u00ab\u00a0H\u00f4pital Digital\u00a0\u00bb \u00e0 l\u2019occasion d\u2019un projet de construction ou d\u2019une r\u00e9habilitation d\u2019importance pour \u00e9viter de b\u00e2tir sur<\/p>\n","protected":false},"author":1,"featured_media":0,"parent":0,"menu_order":0,"comment_status":"closed","ping_status":"closed","template":"","meta":[],"yoast_head":"<!-- This site is optimized with the Yoast SEO plugin v16.1.1 - https:\/\/yoast.com\/wordpress\/plugins\/seo\/ -->\n<title>Prestations - Leader Health<\/title>\n<link rel=\"canonical\" href=\"https:\/\/www.leaderhealth.ch\/index.php\/fr\/prestations\/\" \/>\n<meta property=\"og:locale\" content=\"fr_FR\" \/>\n<meta property=\"og:type\" content=\"article\" \/>\n<meta property=\"og:title\" content=\"Prestations - Leader Health\" \/>\n<meta property=\"og:description\" content=\"Nos prestations Ce que fait Leader Health : Conseil en management strat\u00e9gique &amp; technologies digitales pour d\u00e9cideurs hospitaliers. Identifier et fournir les meilleurs experts pour aider \u00e0 la r\u00e9alisation de projets complexes et\/ou strat\u00e9giques. Aide clarifier la vision \u00ab\u00a0H\u00f4pital Digital\u00a0\u00bb \u00e0 l\u2019occasion d\u2019un projet de construction ou d\u2019une r\u00e9habilitation d\u2019importance pour \u00e9viter de b\u00e2tir sur\" \/>\n<meta property=\"og:url\" content=\"https:\/\/www.leaderhealth.ch\/index.php\/fr\/prestations\/\" \/>\n<meta property=\"og:site_name\" content=\"Leader Health\" \/>\n<meta property=\"article:modified_time\" content=\"2016-05-18T16:03:29+00:00\" \/>\n<meta property=\"og:image\" content=\"http:\/\/www.leaderhealth.ch\/wp-content\/uploads\/2016\/05\/Image1-1024x562.png\" \/>\n<meta name=\"twitter:card\" content=\"summary\" \/>\n<meta name=\"twitter:label1\" content=\"Dur\u00e9e de lecture est.\">\n\t<meta name=\"twitter:data1\" content=\"1 minute\">\n<script type=\"application\/ld+json\" class=\"yoast-schema-graph\">{\"@context\":\"https:\/\/schema.org\",\"@graph\":[{\"@type\":\"WebSite\",\"@id\":\"https:\/\/www.leaderhealth.ch\/#website\",\"url\":\"https:\/\/www.leaderhealth.ch\/\",\"name\":\"Leader Health\",\"description\":\"\",\"potentialAction\":[{\"@type\":\"SearchAction\",\"target\":\"https:\/\/www.leaderhealth.ch\/?s={search_term_string}\",\"query-input\":\"required name=search_term_string\"}],\"inLanguage\":\"fr-FR\"},{\"@type\":\"ImageObject\",\"@id\":\"https:\/\/www.leaderhealth.ch\/index.php\/fr\/prestations\/#primaryimage\",\"inLanguage\":\"fr-FR\",\"url\":\"http:\/\/www.leaderhealth.ch\/wp-content\/uploads\/2016\/05\/Image1-1024x562.png\",\"contentUrl\":\"http:\/\/www.leaderhealth.ch\/wp-content\/uploads\/2016\/05\/Image1-1024x562.png\"},{\"@type\":\"WebPage\",\"@id\":\"https:\/\/www.leaderhealth.ch\/index.php\/fr\/prestations\/#webpage\",\"url\":\"https:\/\/www.leaderhealth.ch\/index.php\/fr\/prestations\/\",\"name\":\"Prestations - Leader Health\",\"isPartOf\":{\"@id\":\"https:\/\/www.leaderhealth.ch\/#website\"},\"primaryImageOfPage\":{\"@id\":\"https:\/\/www.leaderhealth.ch\/index.php\/fr\/prestations\/#primaryimage\"},\"datePublished\":\"2016-05-12T13:32:08+00:00\",\"dateModified\":\"2016-05-18T16:03:29+00:00\",\"breadcrumb\":{\"@id\":\"https:\/\/www.leaderhealth.ch\/index.php\/fr\/prestations\/#breadcrumb\"},\"inLanguage\":\"fr-FR\",\"potentialAction\":[{\"@type\":\"ReadAction\",\"target\":[\"https:\/\/www.leaderhealth.ch\/index.php\/fr\/prestations\/\"]}]},{\"@type\":\"BreadcrumbList\",\"@id\":\"https:\/\/www.leaderhealth.ch\/index.php\/fr\/prestations\/#breadcrumb\",\"itemListElement\":[{\"@type\":\"ListItem\",\"position\":1,\"item\":{\"@type\":\"WebPage\",\"@id\":\"https:\/\/www.leaderhealth.ch\/index.php\/fr\/leader-health\/\",\"url\":\"https:\/\/www.leaderhealth.ch\/index.php\/fr\/leader-health\/\",\"name\":\"Accueil\"}},{\"@type\":\"ListItem\",\"position\":2,\"item\":{\"@type\":\"WebPage\",\"@id\":\"https:\/\/www.leaderhealth.ch\/index.php\/fr\/prestations\/\",\"url\":\"https:\/\/www.leaderhealth.ch\/index.php\/fr\/prestations\/\",\"name\":\"Prestations\"}}]}]}<\/script>\n<!-- \/ Yoast SEO plugin. -->","_links":{"self":[{"href":"https:\/\/www.leaderhealth.ch\/index.php\/wp-json\/wp\/v2\/pages\/134"}],"collection":[{"href":"https:\/\/www.leaderhealth.ch\/index.php\/wp-json\/wp\/v2\/pages"}],"about":[{"href":"https:\/\/www.leaderhealth.ch\/index.php\/wp-json\/wp\/v2\/types\/page"}],"author":[{"embeddable":true,"href":"https:\/\/www.leaderhealth.ch\/index.php\/wp-json\/wp\/v2\/users\/1"}],"replies":[{"embeddable":true,"href":"https:\/\/www.leaderhealth.ch\/index.php\/wp-json\/wp\/v2\/comments?post=134"}],"version-history":[{"count":18,"href":"https:\/\/www.leaderhealth.ch\/index.php\/wp-json\/wp\/v2\/pages\/134\/revisions"}],"predecessor-version":[{"id":604,"href":"https:\/\/www.leaderhealth.ch\/index.php\/wp-json\/wp\/v2\/pages\/134\/revisions\/604"}],"wp:attachment":[{"href":"https:\/\/www.leaderhealth.ch\/index.php\/wp-json\/wp\/v2\/media?parent=134"}],"curies":[{"name":"wp","href":"https:\/\/api.w.org\/{rel}","templated":true}]}}