{"id":11,"date":"2016-05-11T16:35:28","date_gmt":"2016-05-11T14:35:28","guid":{"rendered":"http:\/\/www.leaderhealth.ch\/?page_id=11"},"modified":"2019-11-27T16:35:47","modified_gmt":"2019-11-27T15:35:47","slug":"leader-health-2","status":"publish","type":"page","link":"https:\/\/www.leaderhealth.ch\/index.php\/en\/leader-health-2\/","title":{"rendered":"Home"},"content":{"rendered":"<div style=\"text-align: justify;\"><\/div>\n","protected":false},"excerpt":{"rendered":"","protected":false},"author":1,"featured_media":0,"parent":0,"menu_order":0,"comment_status":"closed","ping_status":"closed","template":"","meta":[],"yoast_head":"<!-- This site is optimized with the Yoast SEO plugin v16.1.1 - https:\/\/yoast.com\/wordpress\/plugins\/seo\/ -->\n<title>Leader Health<\/title>\n<meta name=\"description\" content=\"Fond\u00e9e en 2005, Leader Health est une soci\u00e9t\u00e9 de conseil strat\u00e9gique et d\u2019assistance \u00e0 Ma\u00eetrise d\u2019Ouvrage.\" \/>\n<link rel=\"canonical\" href=\"http:\/\/www.leaderhealth.ch\/index.php\/en\/leader-health-2\/\" \/>\n<meta property=\"og:locale\" content=\"fr_FR\" \/>\n<meta property=\"og:type\" content=\"article\" \/>\n<meta property=\"og:title\" content=\"Leader Health\" \/>\n<meta property=\"og:description\" content=\"Fond\u00e9e en 2005, Leader Health est une soci\u00e9t\u00e9 de conseil strat\u00e9gique et d\u2019assistance \u00e0 Ma\u00eetrise d\u2019Ouvrage.\" \/>\n<meta property=\"og:url\" content=\"http:\/\/www.leaderhealth.ch\/index.php\/en\/leader-health-2\/\" \/>\n<meta property=\"og:site_name\" content=\"Leader Health\" \/>\n<meta property=\"article:modified_time\" content=\"2019-11-27T15:35:47+00:00\" \/>\n<meta name=\"twitter:card\" content=\"summary\" \/>\n<script type=\"application\/ld+json\" class=\"yoast-schema-graph\">{\"@context\":\"https:\/\/schema.org\",\"@graph\":[{\"@type\":\"WebSite\",\"@id\":\"https:\/\/www.leaderhealth.ch\/#website\",\"url\":\"https:\/\/www.leaderhealth.ch\/\",\"name\":\"Leader Health\",\"description\":\"\",\"potentialAction\":[{\"@type\":\"SearchAction\",\"target\":\"https:\/\/www.leaderhealth.ch\/?s={search_term_string}\",\"query-input\":\"required name=search_term_string\"}],\"inLanguage\":\"fr-FR\"},{\"@type\":\"WebPage\",\"@id\":\"http:\/\/www.leaderhealth.ch\/index.php\/en\/leader-health-2\/#webpage\",\"url\":\"http:\/\/www.leaderhealth.ch\/index.php\/en\/leader-health-2\/\",\"name\":\"Leader Health\",\"isPartOf\":{\"@id\":\"https:\/\/www.leaderhealth.ch\/#website\"},\"datePublished\":\"2016-05-11T14:35:28+00:00\",\"dateModified\":\"2019-11-27T15:35:47+00:00\",\"description\":\"Fond\\u00e9e en 2005, Leader Health est une soci\\u00e9t\\u00e9 de conseil strat\\u00e9gique et d\\u2019assistance \\u00e0 Ma\\u00eetrise d\\u2019Ouvrage.\",\"breadcrumb\":{\"@id\":\"http:\/\/www.leaderhealth.ch\/index.php\/en\/leader-health-2\/#breadcrumb\"},\"inLanguage\":\"fr-FR\",\"potentialAction\":[{\"@type\":\"ReadAction\",\"target\":[\"http:\/\/www.leaderhealth.ch\/index.php\/en\/leader-health-2\/\"]}]},{\"@type\":\"BreadcrumbList\",\"@id\":\"http:\/\/www.leaderhealth.ch\/index.php\/en\/leader-health-2\/#breadcrumb\",\"itemListElement\":[{\"@type\":\"ListItem\",\"position\":1,\"item\":{\"@type\":\"WebPage\",\"@id\":\"https:\/\/www.leaderhealth.ch\/index.php\/fr\/leader-health\/\",\"url\":\"https:\/\/www.leaderhealth.ch\/index.php\/fr\/leader-health\/\",\"name\":\"Accueil\"}},{\"@type\":\"ListItem\",\"position\":2,\"item\":{\"@type\":\"WebPage\",\"@id\":\"http:\/\/www.leaderhealth.ch\/index.php\/en\/leader-health-2\/\",\"url\":\"http:\/\/www.leaderhealth.ch\/index.php\/en\/leader-health-2\/\",\"name\":\"Home\"}}]}]}<\/script>\n<!-- \/ Yoast SEO plugin. -->","_links":{"self":[{"href":"https:\/\/www.leaderhealth.ch\/index.php\/wp-json\/wp\/v2\/pages\/11"}],"collection":[{"href":"https:\/\/www.leaderhealth.ch\/index.php\/wp-json\/wp\/v2\/pages"}],"about":[{"href":"https:\/\/www.leaderhealth.ch\/index.php\/wp-json\/wp\/v2\/types\/page"}],"author":[{"embeddable":true,"href":"https:\/\/www.leaderhealth.ch\/index.php\/wp-json\/wp\/v2\/users\/1"}],"replies":[{"embeddable":true,"href":"https:\/\/www.leaderhealth.ch\/index.php\/wp-json\/wp\/v2\/comments?post=11"}],"version-history":[{"count":3,"href":"https:\/\/www.leaderhealth.ch\/index.php\/wp-json\/wp\/v2\/pages\/11\/revisions"}],"predecessor-version":[{"id":184,"href":"https:\/\/www.leaderhealth.ch\/index.php\/wp-json\/wp\/v2\/pages\/11\/revisions\/184"}],"wp:attachment":[{"href":"https:\/\/www.leaderhealth.ch\/index.php\/wp-json\/wp\/v2\/media?parent=11"}],"curies":[{"name":"wp","href":"https:\/\/api.w.org\/{rel}","templated":true}]}}